{"id":41,"date":"2013-10-02T09:55:41","date_gmt":"2013-10-02T08:55:41","guid":{"rendered":"http:\/\/unmusicclub.com\/un\/?page_id=41"},"modified":"2020-02-14T22:07:51","modified_gmt":"2020-02-14T21:07:51","slug":"events","status":"publish","type":"page","link":"https:\/\/unmusicclub.org\/un\/events\/","title":{"rendered":"Events"},"content":{"rendered":"<p><em><strong>\u00a0<\/strong><\/em><\/p>\n<ul>\n<li>UN Geneva Choir\u00a0 performed on 12th December at 12.00 Salle des Pas Perdus, Palais des Nations<\/li>\n<li>Jazz groups played the Mix and Mash,\u00a0 cooperative Geneva city-UN Geneva events<\/li>\n<li>in December with guest artist Jean-Yves Poupin (piano) and Joel d&#8217;Souza, drums<\/li>\n<li>in November at Geneva Hospital , 10th floor restaurant.\u00a0 : Topic: &#8216;Health for All&#8217;\u00a0 Several stands, presentation and healthy jazz.<\/li>\n<\/ul>\n<p>Jazz group (another) played at the party of the Administration Department, Hall 14 Palais des NAtions (get invited!) 19th december LUNCH TIME apero !<\/p>\n<p>Jazz could also be heard at the UN Bazar on a wonderful lunch time affair ini the Palais des NAtions\u00a0 in November 2019.<\/p>\n<h2>Jazz Brunch at the UN Plage<\/h2>\n<p><span style=\"color: #3366ff;\"><em>Sunday 4rth . Sorry sorry this is cancelled because of bad weather forecast&#8230;.<\/em><\/span><\/p>\n<h2><span style=\"font-family: sans-serif; font-size: small;\"><b>Not to be missed !<\/b><\/span>\u00a0 \u00a0 \u00a0 \u00a0<span style=\"font-family: sans-serif; font-size: small;\"><i>(texte en fran\u00e7ais \u00e0 la suite)\u00a0<\/i><\/span><\/h2>\n<h2>Jazz at the UN Bazar\u00a0 22 November 2016<\/h2>\n<h2><span style=\"font-family: sans-serif; font-size: small;\"><b>this Tuesday 22 November as of 12.15. to the early\u00a0 afternoon<\/b>, with smooth, swinging and latin performances of the UN Music Club Jazz Group (full band and vocalist).<\/span><\/h2>\n<h2>Special event for HAiti.<\/h2>\n<h2><span style=\"font-size: small;\"><span style=\"font-family: sans-serif;\">The perfomance of the UN Music Club jazz groups will include a tribute to Haiti&#8217;s music !!\u00a0 Hear the songs Papiye , Azor, Haitian Fight Song and a few more and buy the CD &#8216;Haiti debout&#8217;\u00a0 to take home the souvenir <\/span><\/span><br \/>\n<span style=\"font-family: sans-serif; font-size: small;\"><b>The venue:<\/b>\u00a0 Palais des NATIONS (INVITATIONS BY un WOMEN&#8217;S gUILD)\u00a0 <\/span><\/h2>\n<h2>Passed events \/ Ev\u00e8nements pass\u00e9s:<\/h2>\n<h2><span style=\"font-family: sans-serif; font-size: small;\"><span style=\"color: #ff0000;\"><strong><em>jazz party\u00a0 <\/em><\/strong><\/span><b>at the UN Beach<\/b><\/span><\/h2>\n<h2><span style=\"font-family: sans-serif; font-size: small;\"><b>this Sunday 25 September, as of 1.00 p.m. throughout the afternoon<\/b>, with smooth, swinging and latin performances of the UN Music Club Jazz Group (full band and vocalist).<\/span><br \/>\n<span style=\"font-size: small;\"><span style=\"font-family: sans-serif;\">Great food and drinks are available.\u00a0 <\/span><\/span><span style=\"font-family: sans-serif; font-size: small;\">E<\/span><span style=\"font-family: sans-serif; font-size: small;\">ntrance is free for UN Beach Club members, and CHF 4.- for non-members. You are welcome to bring friends and family with you.<\/span> <span style=\"font-family: sans-serif; font-size: small;\">Reservation highly recommended .<\/span><br \/>\n<span style=\"font-family: sans-serif; font-size: small;\"><b>The venue:<\/b> \u00a0 <b>UN Beach Club \u2013 \u00a0Club de la plage ONU\u00a0 <\/b><\/span><span style=\"font-family: sans-serif; font-size: small;\">Le Port, Route de Lausanne 214, <\/span><span style=\"font-family: sans-serif; font-size: small;\">1200 Gen\u00e8ve\u00a0 &#8211;\u00a0<\/span><span style=\"font-family: sans-serif; font-size: small;\"> Restaurant: 022 7316829 \u00a0Email: <a href=\"mailto:restaurantclubdelaplage@yahoo.com\" target=\"_blank\" rel=\"noopener noreferrer\">restaurantclubdelaplage@yahoo.<wbr \/>com<\/a>, <\/span><span style=\"color: #ffff00;\"><a style=\"color: #ffff00;\" href=\"http:\/\/www.clubdelaplage.ch\/\" target=\"_blank\" rel=\"noopener noreferrer\" data-saferedirecturl=\"https:\/\/www.google.com\/url?hl=en-GB&amp;q=http:\/\/www.clubdelaplage.ch\/&amp;source=gmail&amp;ust=1474534725578000&amp;usg=AFQjCNH60CnW-nNdGowoQWPjZSYpI6jUkA\"><span style=\"font-family: sans-serif; font-size: small;\">http:\/\/www.clubdelaplage.ch\/<\/span><\/a><\/span><\/h2>\n<h2><span style=\"font-family: sans-serif; font-size: small;\"><u>How to get there<\/u>: by bus, station Jardin Botanique, 5 minutes walk away (bus lines 1,22,25,28). No parking at the Club, but possible along Route de Lausanne, at P+R S\u00e9cheron (Rue Kazem-Radjani) or Place des Nations.<\/span><\/h2>\n<p><span style=\"font-family: sans-serif; font-size: small;\">PLEASE NOTE:<b> you must bring with you your UN badge <\/b>to enter the UN Beach Club. <b>Guests not holding a UN badge need to be registered <\/b>at <\/span><\/p>\n<p><a href=\"http:\/\/unmusicclub.com\/un\/contacts\/\" target=\"_blank\" rel=\"noopener noreferrer\" data-saferedirecturl=\"https:\/\/www.google.com\/url?hl=en-GB&amp;q=http:\/\/unmusicclub.com\/un\/contacts\/&amp;source=gmail&amp;ust=1474534725578000&amp;usg=AFQjCNFDInhMXsLLMFI7USOqD2SWj10oCg\"><span style=\"color: blue; font-family: sans-serif; font-size: small;\"><span style=\"color: #ffff00;\">http:\/\/unmusicclub.com\/un\/cont<wbr \/>acts\/<\/span>.<\/span><\/a>\u00a0\u00a0 Invitation by:<br \/>\n<span style=\"font-size: medium;\"><i>UN Beach Club, <\/i><\/span><span style=\"font-size: medium;\"><i>UNOG Staff coordinating Council, <\/i><\/span><span style=\"font-size: medium;\"><i>UN Music Club<br \/>\n______________________________<wbr \/>_________________________<br \/>\n<\/i><\/span><span style=\"font-family: sans-serif; font-size: small;\"><b>A ne pas manquer \u00a0 !<\/b><\/span><br \/>\n<em><strong><span style=\"color: #ff0000;\">J<\/span><\/strong><\/em><span style=\"font-family: sans-serif; font-size: small;\"><em><strong><span style=\"color: #ff0000;\">azz Party<\/span><\/strong><\/em>&#8216; \u00e0 la Plage de l&#8217;ONU\u00a0 ce\u00a0 <b>dimanche 25 septembre, \u00e0 partir de 13.00 toute l&#8217;apr\u00e8s-midi.\u00a0 La musique, <\/b>jazz smooth, swinging et latino est pr\u00e9sent\u00e9e par un groupe du UN Music Club Jazz Group &#8211; Quatre musiciens et chanteuse.\u00a0<\/span> <span style=\"font-size: small;\"><span style=\"font-family: sans-serif;\">Restauration \u00e0 la carte, boissons.\u00a0<\/span><\/span> <span style=\"font-family: sans-serif; font-size: small;\">L&#8217;entr\u00e9e est gratuite pour les membres du Club de la Plage et <\/span><span style=\"font-family: sans-serif; font-size: small;\">CHF 4.- pour les non membres. Vos amis et membres de la famille sont les bienvenus. <\/span><span style=\"font-family: sans-serif; font-size: small;\">R\u00e9servation\u00a0 hautement conseill\u00e9e <\/span><\/p>\n<div>\n<div>\n<p><span style=\"font-family: sans-serif; font-size: small;\"><b>Acc\u00e8s:\u00a0<\/b> <b>Club de la plage ONU &#8211; <\/b><\/span><span style=\"font-family: sans-serif; font-size: small;\">Le Port, Route de Lausanne 214, <\/span><span style=\"font-family: sans-serif; font-size: small;\">1200 Gen\u00e8ve \u00a0 \u00a0 \u00a0<\/span><span style=\"font-family: sans-serif; font-size: small;\">\u00a0Restaurant: 022 7316829 \u00a0Email: <a href=\"mailto:restaurantclubdelaplage@yahoo.com\" target=\"_blank\" rel=\"noopener noreferrer\">restaurantclubdelaplage@yahoo.<wbr \/>com<\/a>, <\/span><a href=\"http:\/\/www.clubdelaplage.ch\/\" target=\"_blank\" rel=\"noopener noreferrer\" data-saferedirecturl=\"https:\/\/www.google.com\/url?hl=en-GB&amp;q=http:\/\/www.clubdelaplage.ch\/&amp;source=gmail&amp;ust=1474534725578000&amp;usg=AFQjCNH60CnW-nNdGowoQWPjZSYpI6jUkA\"><span style=\"color: blue; font-family: sans-serif; font-size: small;\">http:\/\/www.clubdelaplage.ch\/<\/span><\/a><\/p>\n<p><span style=\"font-family: sans-serif; font-size: small;\"><u>On acc\u00e8de <\/u>par transport public ou priv\u00e9.\u00a0 Bus: arr\u00eat Jardin Botanique, \u00e0 5 minutes \u00e0 pied (lignes 1,22,25,28). Il n&#8217;y a pas de possibilit\u00e9 de parking au restaurant, \u00e9ventuellement le long de la\u00a0 Route de Lausanne, ou au\u00a0 P+R S\u00e9cheron (Rue Kazem-Radjani) ou Parking\u00a0 des Nations.<\/span><\/p>\n<p><span style=\"font-family: sans-serif; font-size: small;\">IMPORTANT: <b>Vous pouvez entrer au Club de la plage avec un badge ONU \/ agences . Les visiteurs qui ne d\u00e9tiennent pas de badge devront faire l&#8217;objet d&#8217;un enregistrement pr\u00e9alable aupr\u00e8s de\u00a0<\/b> <\/span><a href=\"http:\/\/unmusicclub.com\/un\/contacts\/\" target=\"_blank\" rel=\"noopener noreferrer\" data-saferedirecturl=\"https:\/\/www.google.com\/url?hl=en-GB&amp;q=http:\/\/unmusicclub.com\/un\/contacts\/&amp;source=gmail&amp;ust=1474534725578000&amp;usg=AFQjCNFDInhMXsLLMFI7USOqD2SWj10oCg\"><span style=\"color: blue; font-family: sans-serif; font-size: small;\">http:\/\/unmusicclub.com\/un\/cont<wbr \/>acts\/.<\/span><\/a><br \/>\n<span style=\"font-family: sans-serif; font-size: small;\">Invitation par:\u00a0 <\/span><span style=\"font-size: small;\"><i>Club de la plage ONU<\/i> &#8211; <i>Conseil de coordination du personnel ONUG <\/i><br \/>\n<i>UN Music Club &#8211; Club de musique de l&#8217;ONU<\/i> <\/span><\/p>\n<\/div>\n<div>____________________________________________________________________<\/div>\n<\/div>\n<p>Passed events \/ Ev\u00e8nements pass\u00e9s:<\/p>\n<p>Please click on the items:<\/p>\n<h3><strong>22 June\u00a0\u00a0\u00a0\u00a0 <\/strong><a href=\"http:\/\/unmusicclub.com\/un\/wp-content\/uploads\/2016\/06\/UN-Choir-Concert_22.06.2016-Revised.pdf\">UN Choir Concert\u00a0\u00a0 <\/a><em>Please note that since the first announcement, address of venue has changed\u00a0\u00a0 <\/em><\/h3>\n<h3><strong>20th June\u00a0\u00a0\u00a0\u00a0 <\/strong><a href=\"http:\/\/unmusicclub.com\/un\/wp-content\/uploads\/2016\/06\/Music-for-World-Refugee-Day-Emmanuel-2016.pdf\">Music for World Refugee Day:\u00a0 Emmanuel Church 20 June 2016<\/a><\/h3>\n<p><b>\u00a0<\/b><\/p>\n<p>There will be other concerts at the beach in July. Please write in to be informed \u00a0\u00a0<a href=\"http:\/\/unmusicclub.com\/un\/contacts\/\">http:\/\/unmusicclub.com\/un\/contacts\/<\/a>\u00a0 \u00a0 go to bottom of page message box, write in &#8216;Please announce Jazz.&#8217; \u00a0 \u00a0and send email indicating your name .<\/p>\n<p><span lang=\"EN-US\">Past events records: MiiiM JAZZ BAND\u00a0 4rth June 2016:<\/span><u><\/u><u><\/u><\/p>\n<p><span lang=\"EN-US\">Special performing guest: Jean-Yves Poupin pianist and composer, well-known from his numerous tours and concerts. \u00a0 \u00a0 \u00a0\u00a0<\/span><span lang=\"EN-US\">Mimi Ameti (vocals), Patrice Piguet (saxophone) &amp; Joel Dsouza (drums).<\/span><b><\/b><\/p>\n<p>Il y aura d\u2019autres concerts en \u00e9t\u00e9 2016. \u00a0Ecrivez-nous pour recevoir l\u2019info: musicclub@unog.ch<\/p>\n<p>Voil\u00e0 comment \u00e7a marche: \u00a0 \u00a0Reservation conseill\u00e9e ! \u00a0 \u00a0\u00a0Club Plage de l\u2019ONU \u00a0 \u00a0Le Port, Route de Lausanne 214 Tel. 078 6473072\u00a0\u00a0\u00a0 Restaurant tel. +41 22 7316829 \u00a0 \u00a0Email: restaurantclubdelaplage@yahoo.com<\/p>\n<p>Pour voir la plage http:\/\/www.clubdelaplage.ch\/<\/p>\n<p>Entr\u00e9e gratuite pour membres Club de la Plage ONU. Tous les autres payent Fr. 4.- Les membres\u00a0 ONU &amp; agences\u00a0 doivent pr\u00e9senter le badge. Les invit\u00e9s non teneurs de badge doivent s\u2019annoncer par courrier \u00e9lectronique sur notre page contact: \u00a0<a href=\"http:\/\/unmusicclub.com\/un\/contacts\/\">http:\/\/unmusicclub.com\/un\/contacts\/<\/a>\u00a0Remplir la case message avec \u2018invitation 30.4.\u2019 \u00a0inclure votre nom et envoyer \u00a0 \u2013 ou se faire annoncer par un membre du Club.<\/p>\n<h4><strong><span style=\"color: #ff6600;\"><em>Programme for Saturday 21 May: \u00a0 \u00a0\u00a0<\/em><\/span><\/strong><strong><span style=\"color: #ff6600;\"><em>UN Music Club plays at the Harrambee for Africa reception at <span style=\"color: #0000a1; font-family: Arial Narrow; font-size: medium;\"><b><i>the Best Western Hotel, Chavanne de Bogis.<\/i><\/b><\/span><span style=\"font-family: Arial Narrow; font-size: medium;\"><u>\u00a0\u00a0\u00a0 <\/u><\/span><span style=\"color: #0000a1; font-family: Arial Narrow; font-size: medium;\"><b>From 19:00 -02:00 AM Ticket Price Chf 80\u00a0\u00a0\u00a0\u00a0\u00a0 <\/b><\/span><span style=\"color: #0000a1; font-family: Arial Narrow; font-size: medium;\"><b>Dinner and Dance on Saturday 21st May 2016, \u00a0 \u00a0<\/b><\/span><span style=\"color: #0000a1; font-family: Arial Narrow; font-size: medium;\"><b>You can purchase ticket online (<\/b><\/span><a href=\"http:\/\/ww.harambee4africa.com\/\" target=\"_blank\" rel=\"noopener noreferrer\" data-saferedirecturl=\"https:\/\/www.google.com\/url?hl=en-GB&amp;q=http:\/\/ww.harambee4africa.com\/&amp;source=gmail&amp;ust=1463696367287000&amp;usg=AFQjCNE8GWJvabbOre9lVfzPOuzKRWfuCw\"><span style=\"color: blue; font-family: Arial Narrow; font-size: medium;\"><b><i>http:\/\/ww.harambee4africa.com<\/i><\/b><\/span><\/a><span style=\"color: #0000a1; font-family: sans-serif; font-size: small;\">)<\/span><b><i> <\/i><\/b><\/em><\/span><\/strong><\/h4>\n<h4><strong><span style=\"color: #ff6600;\"><em>The International Jazz Day \u00a030th April \u00a0&#8211; Concerts were held at \u00a0 \u00a0 <\/em><\/span><\/strong>UN Beach Restaurant<\/h4>\n<p><span style=\"color: #ccffff;\">\u00a0and were attended, in spite of coldish breeze and drizzles of another season, very successfull. <\/span><\/p>\n<p><span style=\"color: #ccffff;\"><strong><strong>Jazz \u00e0 la Plage de\u00a0l&#8217;ONU\u00a0&#8211;\u00a0 samedi 30 avril<\/strong><\/strong><\/span><em>Texte en fran\u00e7ais plus bas \u00a0 \u00a0<\/em><\/p>\n<p>The Programme included four bands:<\/p>\n<p><strong>UN Brazil band: \u00a0 \u00a0 \u00a0 \u00a0 \u00a0 \u00a0 \u00a0 \u00a0 \u00a0 \u00a0 \u00a0 \u00a0 \u00a0 \u00a0 \u00a0 \u00a0 \u00a0 \u00a0 \u00a0 \u00a0 \u00a0 \u00a0 \u00a0 \u00a0 \u00a0 \u00a0 \u00a0 \u00a0 \u00a0 \u00a0 \u00a0 \u00a0 \u00a0 \u00a0 \u00a0 \u00a0 \u00a0 \u00a0 \u00a0 \u00a0 \u00a0 \u00a0 \u00a0 \u00a0 \u00a0 \u00a0 \u00a0 \u00a0 \u00a0 \u00a0 \u00a0 \u00a0 \u00a0 \u00a0 \u00a0 \u00a0 \u00a0<\/strong><\/p>\n<p>Raiani Sibien, vocalist; Pal Forr Austnes, piano; Alexandre Nicoulin, guitar; Massimiliano La Marca, bass; Paolo Rosa, drums, percussion;<\/p>\n<p><strong>UN International Jazzday Band \u00a0 \u00a0 \u00a0 \u00a0 \u00a0 \u00a0 \u00a0 \u00a0 \u00a0 \u00a0 \u00a0 \u00a0 \u00a0 \u00a0 \u00a0 \u00a0 \u00a0 \u00a0 \u00a0 \u00a0 \u00a0 \u00a0 \u00a0 \u00a0 \u00a0 \u00a0 \u00a0 \u00a0 \u00a0 \u00a0 \u00a0 \u00a0 \u00a0 \u00a0 \u00a0 \u00a0 \u00a0 \u00a0 \u00a0 \u00a0 \u00a0 \u00a0 \u00a0 <\/strong><\/p>\n<p>Annaise Magloire, piano; Patrice Piguet, flute, sax; Massimiliano La MArca, bass; Joel D&#8217;Souza, drums<\/p>\n<p><strong>UN Jazztet \u00a0 \u00a0 \u00a0 \u00a0 \u00a0 \u00a0 \u00a0 \u00a0 \u00a0 \u00a0 \u00a0 \u00a0 \u00a0 \u00a0 \u00a0 \u00a0 \u00a0 \u00a0 \u00a0 \u00a0 \u00a0 \u00a0 \u00a0 \u00a0 \u00a0 \u00a0 \u00a0 \u00a0 \u00a0 \u00a0 \u00a0 \u00a0 \u00a0 \u00a0 \u00a0 \u00a0 \u00a0 \u00a0 \u00a0 \u00a0 \u00a0 \u00a0 \u00a0 \u00a0 \u00a0 \u00a0 \u00a0 \u00a0 \u00a0 \u00a0 \u00a0 \u00a0 \u00a0 \u00a0 \u00a0 \u00a0 \u00a0 \u00a0 \u00a0 \u00a0 \u00a0 <\/strong><\/p>\n<p>with Special performing guest:<em><strong> Jean-Yves Poupin pianist and composer<\/strong><\/em>, well-known from his numerous tours, concerts, etc. \u00a0 \u00a0John Intrator, violin, Patrice Piguet, sax; Jean-Yves Poupin, piano; Nicolas Stauble, bass, Paolo Rosa, drums<\/p>\n<p><strong>UN Jazz Harmonies Orchestra<\/strong><\/p>\n<p>Mimi Ameti, vocalist; Pal Forr Austnes, piano; Nicolas Stauble, bass; Joel D&#8217;Souza, drums,<\/p>\n<p>More concerts are planned all the way through Summer. \u00a0Write to musicclub@unog.ch<\/p>\n<p>to register for information newsletter.<\/p>\n<h3><\/h3>\n<p><em style=\"line-height: 19.5px;\"><span style=\"text-decoration: underline;\">\u00a0For future reference, here is how it works: <\/span><\/em><\/p>\n<p><em style=\"line-height: 19.5px;\"><span style=\"text-decoration: underline;\">Venue:<\/span> <\/em><span style=\"line-height: 19.5px;\">\u00a0 <\/span><strong style=\"line-height: 19.5px;\">UN Beach Club &#8211;\u00a0 Club de la plage ONU<\/strong><span style=\"line-height: 19.5px;\">, \u00a0\u00a0Le Port, Route de Lausanne 214 \u00a0 1200 Gen\u00e8ve \u00a0 \u00a0 \u00a0\u00a0Tel. 078 6473072\u00a0\u00a0\u00a0 Restaurant tel. +41 22 7316829 \u00a0 \u00a0Email restaurantclubdelaplage@yahoo.com \u00a0 \u00a0Look at the venue: \u00a0 http:\/\/www.clubdelaplage.ch\/<\/span><\/p>\n<p>Entrance is free to Beach Club members.\u00a0 All others pay Fr 4.-\u00a0 UN \u00a0&amp; agencies staff members must show their badge.\u00a0 Guests who do not hold a badge need to be announced and can register by announcing at below website contact page or be announced by a member of the club. Go to \u00a0\u00a0<a href=\"http:\/\/unmusicclub.com\/un\/contacts\/\">http:\/\/unmusicclub.com\/un\/contacts\/<\/a>\u00a0 \u00a0 go to bottom of page message box, write in &#8216;invitation 30.4.&#8217; \u00a0 \u00a0and send email indicating your name.__________________________________________________________________<\/p>\n<p>Il y aura d&#8217;autres concerts en \u00e9t\u00e9 2016. \u00a0Ecrivez-nous pour recevoir l&#8217;info: musicclub@unog.ch<\/p>\n<p>Voil\u00e0 comment \u00e7a marche: \u00a0 \u00a0Reservation conseill\u00e9e ! \u00a0 \u00a0\u00a0Club Plage de l&#8217;ONU \u00a0 \u00a0Le Port, Route de Lausanne 214 Tel. 078 6473072\u00a0\u00a0\u00a0 Restaurant tel. +41 22 7316829 \u00a0 \u00a0Email: restaurantclubdelaplage@yahoo.com<\/p>\n<p>Pour voir la plage http:\/\/www.clubdelaplage.ch\/<\/p>\n<p>Entr\u00e9e gratuite pour membres Club de la Plage ONU. Tous les autres payent Fr. 4.- Les membres\u00a0 ONU &amp; agences\u00a0 doivent pr\u00e9senter le badge. Les invit\u00e9s non teneurs de badge doivent s\u2019annoncer par courrier \u00e9lectronique sur notre page contact: \u00a0<a href=\"http:\/\/unmusicclub.com\/un\/contacts\/\">http:\/\/unmusicclub.com\/un\/contacts\/<\/a>\u00a0Remplir la case message avec &#8216;invitation 30.4.&#8217; \u00a0inclure votre nom et envoyer \u00a0 &#8211; ou se faire annoncer par un membre du Club.<\/p>\n<p>ou par telephone \u00e0 un des membres du Club de Musique ou du Club de la plage.<\/p>\n<ul>\n<li>Qu\u2019est-ce que le International Jazz Day ? Et pourquoi ? \u00a0 \u00a0\u00a0<a href=\"http:\/\/jazzday.com\/\">http:\/\/jazzday.com\/<\/a><\/li>\n<\/ul>\n<p>Nous vous attendons nombreux !<\/p>\n<p>Club de musique ONU \u00a0 \u00a0 \u00a0 \u00a0 \u00a0 \u00a0 \u00a0 \u00a0 \u00a0 \u00a0 \u00a0 \u00a0 \u00a0 \u00a0 \u00a0 \u00a0 \u00a0 \u00a0 \u00a0 \u00a0 \u00a0 \u00a0 \u00a0 \u00a0 \u00a0 \u00a0 \u00a0 \u00a0 \u00a0 \u00a0 \u00a0 \u00a0 \u00a0 \u00a0 \u00a0 \u00a0 \u00a0 \u00a0 \u00a0 \u00a0 \u00a0 \u00a0 \u00a0 \u00a0 \u00a0 \u00a0 \u00a0 \u00a0 \u00a0 \u00a0\u00a0\u00a0\u00a0\u00a0\u00a0\u00a0\u00a0\u00a0\u00a0\u00a0\u00a0\u00a0\u00a0\u00a0\u00a0\u00a0\u00a0 Club de la plage &amp; restaurant \u00a0 \u00a0 \u00a0 \u00a0 \u00a0 \u00a0 \u00a0 \u00a0 \u00a0 \u00a0 \u00a0 \u00a0 \u00a0 \u00a0 \u00a0 \u00a0 \u00a0 \u00a0 \u00a0 \u00a0 \u00a0 \u00a0 \u00a0 \u00a0 \u00a0 \u00a0 \u00a0 \u00a0 \u00a0 \u00a0 \u00a0 \u00a0 \u00a0 \u00a0 \u00a0 \u00a0 \u00a0 \u00a0 \u00a0 \u00a0 \u00a0 \u00a0 \u00a0 \u00a0 \u00a0 \u00a0 \u00a0 \u00a0 \u00a0\u00a0 Conseil de Coordination du personnel ONU Gen\u00e8ve<\/p>\n<p>Review of past events:<\/p>\n<p><strong>30th April 2014 \u00a0 International Jazz Day ! Hear it on\u00a0<\/strong><\/p>\n<p><iframe loading=\"lazy\" src=\"\/\/www.youtube.com\/embed\/eIJJ0hjTucY\" width=\"280\" height=\"150\" frameborder=\"0\" allowfullscreen=\"allowfullscreen\"><\/iframe><\/p>\n<p>Jazz concert in the Hall of the Asemblies Palais des Nations with UN Musical Ensemble, Aqua Potable, &#8211; 20 musicians, 4 vocalists presenting a voyage through jazz times.<\/p>\n<p>Evaristo Perez Quintett and &#8216;UN jazztett &#8216;n the foyer&#8217; featuring pianist Jean-Yves Poupin.<\/p>\n<p>Read the <em>programme<\/em> for details.<\/p>\n<p><strong>7th February 2014\u00a0<\/strong><\/p>\n<p>Jazz concert with guest star Jasper Van&#8217;t Hof and Dra Diarra.<\/p>\n<p>The UN Music Club jazz rythm section played with the stars on occasion of the Symposium of the World Alliance to combat Female Genital Mutilation.<\/p>\n<p><strong>6th February 2014<\/strong><\/p>\n<p>Jazz and World Music with Star vocalist Mirlinda from Togo supported by UN Music Club trio.<\/p>\n<p>Occasion:\u00a0Jazz at Art Exhibit, Palais des Nations, UN, \u00a0to mark the International Day for 0 Tolerance on Female Genital Mutilation.<\/p>\n<p><span style=\"color: #ffff00;\"><strong>10th December 2013<\/strong><\/span><\/p>\n<p><span style=\"color: #ff0000;\"><strong><span style=\"color: #3366ff;\">Human Rights Day:<\/span> Lunch time Classical Concert by UN Music Club. <\/strong><\/span><\/p>\n<p><span style=\"color: #ff6600;\"><strong>Michael Wiener compositions<\/strong><\/span><\/p>\n<p><span style=\"color: #ffff00;\"><strong>Venue: Salle des pas perdus &#8211; Hall of the Assemblies<\/strong><\/span><\/p>\n<p><strong>11th December 2013<\/strong><\/p>\n<p><strong>Lunch time concert<\/strong><\/p>\n<p><strong>Starting 12.15<\/strong><\/p>\n<p><strong>Christmas Carols concert in the Palais, given by the ILI\/WHO\/UN\/UNHCR Christmas choir. With UN Music Club singers<\/strong><\/p>\n<p><strong>Salle de Pas perdus on December 11 at 12.15.<\/strong><\/p>\n<p>______________________________________________________________________________<\/p>\n<p><span style=\"color: #ffff00;\"><strong>Past events:<\/strong><\/span><\/p>\n<p><span style=\"color: #ffff00;\"><strong>19th November<\/strong><br \/>\n<\/span><\/p>\n<p><strong><span style=\"color: #ff0000;\">UN Bazar \u00a0 <span style=\"color: #ccffff;\">Lunch time concert<\/span><\/span><\/strong><\/p>\n<p>Jazz group<span style=\"color: #ffffff;\"><br \/>\n<\/span><\/p>\n<p>______________________________________________________________________________<\/p>\n<p><strong><span style=\"color: #ffff00;\">22 November<\/span> \u00a0<span style=\"color: #ff0000;\">Celebration of the<strong>\u00a0<\/strong><\/span><strong>10th Anniversary of the UN Music Club &#8211; Look out for recordings which will be linked right here soon.\u00a0<\/strong><\/strong><\/p>\n<table>\n<tbody>\n<tr>\n<td><strong>22 November<\/strong><strong>10th Anniversary Party<\/strong>5.45 to 9 pM. \u00a0\u00a0Open to all staff members, free.See details or click in the caption todownload poster.Jazz, Classical, Choir, Pop Rock groups,UN Musical ensemble with <a title=\"World Music Projects\" href=\"http:\/\/unmusicclub.com\/un\/activities\/world-music-projects\/\">Aqua Potable Music Project for the Environment.<\/a>Dancing to Salsa<\/td>\n<td><img decoding=\"async\" src=\"http:\/\/unmusicclub.com\/un\/wp-content\/uploads\/2013\/11\/poster-a4-223x300.jpg\" alt=\"poster a4\" \/><\/td>\n<\/tr>\n<\/tbody>\n<\/table>\n<p>See details or\u00a0click here\u00a0<a href=\"http:\/\/unmusicclub.com\/un\/wp-content\/uploads\/2013\/10\/10th-ann-UNM-a4.pdf\">10th ann UNM a4<\/a>\u00a0to download the poster<\/p>\n<p>___________________________________________________________________________<\/p>\n<p><span style=\"color: #ffff00;\">23 November 2013<\/span>. \u00a0 Montbrillant, Charity lunch time and evening concerts. Jazz group.<\/p>\n","protected":false},"excerpt":{"rendered":"<p>\u00a0 UN Geneva Choir\u00a0 performed on 12th December at 12.00 Salle des Pas Perdus, Palais des Nations Jazz groups played the Mix and Mash,\u00a0 cooperative Geneva city-UN Geneva events in &hellip;<\/p>\n<div class=\"margin10t\"><a href=\"https:\/\/unmusicclub.org\/un\/events\/\" class=\"more-link\">Continue Reading &raquo;<\/a><\/div>\n","protected":false},"author":1,"featured_media":0,"parent":0,"menu_order":0,"comment_status":"closed","ping_status":"open","template":"","meta":{"_mc_calendar":[],"footnotes":""},"class_list":["post-41","page","type-page","status-publish","hentry"],"aioseo_notices":[],"_links":{"self":[{"href":"https:\/\/unmusicclub.org\/un\/wp-json\/wp\/v2\/pages\/41","targetHints":{"allow":["GET"]}}],"collection":[{"href":"https:\/\/unmusicclub.org\/un\/wp-json\/wp\/v2\/pages"}],"about":[{"href":"https:\/\/unmusicclub.org\/un\/wp-json\/wp\/v2\/types\/page"}],"author":[{"embeddable":true,"href":"https:\/\/unmusicclub.org\/un\/wp-json\/wp\/v2\/users\/1"}],"replies":[{"embeddable":true,"href":"https:\/\/unmusicclub.org\/un\/wp-json\/wp\/v2\/comments?post=41"}],"version-history":[{"count":78,"href":"https:\/\/unmusicclub.org\/un\/wp-json\/wp\/v2\/pages\/41\/revisions"}],"predecessor-version":[{"id":1598,"href":"https:\/\/unmusicclub.org\/un\/wp-json\/wp\/v2\/pages\/41\/revisions\/1598"}],"wp:attachment":[{"href":"https:\/\/unmusicclub.org\/un\/wp-json\/wp\/v2\/media?parent=41"}],"curies":[{"name":"wp","href":"https:\/\/api.w.org\/{rel}","templated":true}]}}